{"id":301,"date":"2017-10-18T13:52:45","date_gmt":"2017-10-18T11:52:45","guid":{"rendered":"http:\/\/botanicpharma.com\/?page_id=301"},"modified":"2017-10-24T00:49:21","modified_gmt":"2017-10-23T22:49:21","slug":"terms-of-use","status":"publish","type":"page","link":"http:\/\/botanicpharma.com\/en\/terms-of-use\/","title":{"rendered":"Terms of use"},"content":{"rendered":"<h3>1. Utilisation de ce Site Web.<\/h3>\n<p>Ce Site Web est la propri\u00e9t\u00e9 exclusive de <strong>BOTANIC PHARMA<\/strong> et il a \u00e9t\u00e9 cr\u00e9\u00e9 afin de permettre aux personnes qui y acc\u00e9deront de s\u2019informer sur notre entreprise \u00e0 des fins personnelles et non commerciales. L\u2019acc\u00e8s \u00e0 ce Site Web et l\u2019usage que vous en faites sont assujettis aux modalit\u00e9s et conditions suivantes, \u00e0 la Politique de confidentialit\u00e9 et \u00e0 toutes les lois applicables (les \u00ab Conditions d\u2019utilisation \u00bb). Vous reconnaissez express\u00e9ment qu\u2019en consultant ce Site Web, vous acceptez les modalit\u00e9s et conditions contenues aux pr\u00e9sentes et y \u00eates li\u00e9s et ce, sans limite, restriction ni r\u00e9serve. Si vous n\u2019acceptez pas l\u2019une ou l\u2019autre des modalit\u00e9s et conditions \u00e9nonc\u00e9es, veuillez ne pas utiliser ce Site Web et ne pas tenir compte de l\u2019information qu\u2019il contient.<\/p>\n<h3>2. Information m\u00e9dicale.<\/h3>\n<p>Le contenu de ce Site Web ne remplace pas les conseils de votre m\u00e9decin ou de tout autre professionnel de la sant\u00e9 comp\u00e9tent, et ne s\u2019y substitue pas. Vous devriez vous adresser \u00e0 votre professionnel de la sant\u00e9, qui est la meilleure source de renseignements pour r\u00e9pondre \u00e0 vos questions li\u00e9es \u00e0 la sant\u00e9. Nul renseignement se trouvant sur ce Site Web ne doit \u00eatre consid\u00e9r\u00e9 comme un substitut aux conseils de votre m\u00e9decin ou de tout autre professionnel de la sant\u00e9 qualifi\u00e9.<\/p>\n<h3>3. Exclusion de garanties.<\/h3>\n<p>En aucun cas <strong>BOTANIC PHARMA<\/strong> n\u2019entend repr\u00e9senter ou garantir, express\u00e9ment ou implicitement, le fait que ce Site Web est fonctionnel, est d\u00e9pourvu d\u2019erreur, qu\u2019il sera possible d\u2019y acc\u00e9der sans interruption, qu\u2019aucun virus ou autre \u00e9l\u00e9ment contaminant ou destructeur ne sera transmis, ou qu\u2019aucun dommage ne sera occasionn\u00e9 \u00e0 votre syst\u00e8me informatique. Vous reconnaissez express\u00e9ment qu\u2019en acc\u00e9dant \u00e0 ce site web, tous les \u00e9l\u00e9ments et renseignements y figurant vous sont fournis \u00ab tels quels \u00bb, sans aucune garantie. <strong>BOTANIC PHARMA<\/strong> nie toutes garanties ou conditions, que celles-ci soient verbales, \u00e9crites, l\u00e9gales, expresses ou implicites, et notamment les garanties ou conditions de qualit\u00e9 marchande ou d\u2019adaptabilit\u00e9 \u00e0 une fin particuli\u00e8re. Vous reconnaissez express\u00e9ment que les exclusions mentionn\u00e9es pr\u00e9c\u00e9demment viennent s\u2019ajouter \u00e0 toute exclusion sp\u00e9cifique autrement pr\u00e9vue aux Conditions d\u2019utilisation. Si l\u2019exclusion de certaines garanties n\u2019est pas permise dans votre territoire ou est contraire aux lois auxquelles vous \u00eates assujettis, celle-ci sera inapplicable.<\/p>\n<h3>4. Exclusion de responsabilit\u00e9.<\/h3>\n<p>En acc\u00e9dant \u00e0 ce site web ou \u00e0 tout autre site li\u00e9 \u00e0 celui-ci, vous reconnaissez express\u00e9ment qu\u2019en aucun cas <strong>BOTANIC PHARMA<\/strong> ne pourra \u00eatre tenue responsable des dommages, qu\u2019ils soient directs, indirects, accessoires, cons\u00e9cutifs, exemplaires, sp\u00e9ciaux ou punitifs, d\u00e9coulant de l\u2019utilisation de ce site ou de tout site web li\u00e9, de l\u2019incapacit\u00e9 \u00e0 utiliser ceux-ci ou de toute erreur ou omission pr\u00e9sentes dans leur contenu, ou d\u2019une autre cause, m\u00eame s\u2019ils sont caus\u00e9s par la n\u00e9gligence de pendopharm, ou si pendopharm avait \u00e9t\u00e9 inform\u00e9e de la possibilit\u00e9 de tels dommages ou dommages int\u00e9r\u00eats, ou les deux. Vous convenez express\u00e9ment que votre seul et unique recours consiste \u00e0 cesser d\u2019utiliser ce Site Web et d\u2019y acc\u00e9der. Si une partie de cette exclusion n\u2019est pas permise dans votre territoire ou est contraire aux lois auxquelles vous \u00eates assujettis, cette partie ne s\u2019appliquera pas.<\/p>\n<h3>5. Propri\u00e9t\u00e9 et confidentialit\u00e9.<\/h3>\n<p>\u00c0 moins d\u2019avis \u00e0 l\u2019effet contraire, toutes les images et toute l\u2019information contenues dans ce Site Web sont la propri\u00e9t\u00e9 de <strong>BOTANIC PHARMA<\/strong> ou lui ont \u00e9t\u00e9 fournies. <strong>BOTANIC PHARMA<\/strong> ne fait aucune repr\u00e9sentation et n\u2019offre aucune garantie quant au fait que ces \u00e9l\u00e9ments n\u2019enfreignent pas les droits d\u2019une autre personne ou entit\u00e9. \u00c0 moins d\u2019avis \u00e0 l\u2019effet contraire, les marques de commerce, logos et marques de service (collectivement appel\u00e9s \u00ab marques \u00bb) figurant dans ce Site Web sont des marques, enregistr\u00e9es ou non, de <strong>BOTANIC PHARMA<\/strong> ou de tiers et ne peuvent \u00eatre utilis\u00e9es sans l\u2019autorisation \u00e9crite pr\u00e9alable de <strong>BOTANIC PHARMA<\/strong> ou de leurs propri\u00e9taires respectifs. Vous reconnaissez que tous les renseignements ou \u00e9l\u00e9ments d\u2019information que vous nous fournissez, y compris les commentaires, questions, suggestions ou toute autre information similaire, seront r\u00e9put\u00e9s ne pas \u00eatre confidentiels et <strong>BOTANIC PHARMA<\/strong> n\u2019aura aucune obligation de quelque nature que ce soit \u00e0 l\u2019\u00e9gard de cette information. Vous reconnaissez que toute information et (ou) tout mat\u00e9riel qui nous sont transmis pourront \u00eatre utilis\u00e9s par <strong>BOTANIC PHARMA<\/strong>. \u00c0 cet \u00e9gard, vous accordez \u00e0 <strong>BOTANIC PHARMA<\/strong> le droit de reproduire, retransmettre et (ou) distribuer cette information et (ou) ce mat\u00e9riel. <strong>BOTANIC PHARMA<\/strong> sera libre d\u2019utiliser les id\u00e9es, concepts, savoir-faire ou techniques contenus dans cette information et (ou) ce mat\u00e9riel \u00e0 quelque fin que ce soit, y compris, mais sans s\u2019y limiter, pour mettre au point, fabriquer et commercialiser des produits incorporant cette information et (ou) ce mat\u00e9riel.<\/p>\n<h3>6. Contr\u00f4le de l\u2019acc\u00e8s au Site Web et surveillance.<\/h3>\n<p><strong>BOTANIC PHARMA\u00a0<\/strong>se r\u00e9serve le droit, en tout temps, de contr\u00f4ler et de surveiller l\u2019acc\u00e8s \u00e0 ce Site Web et, si n\u00e9cessaire, de prendre les mesures qui s\u2019imposent pour emp\u00eacher ou limiter tout acc\u00e8s \u00e0 ce Site Web ou utilisation de celui-ci qui soit non autoris\u00e9 ou interdit, notamment par le recours aux tribunaux ou par la suspension ou la r\u00e9siliation de votre acc\u00e8s au Site Web sans pr\u00e9avis. En acc\u00e9dant \u00e0 ce Site Web, vous consentez express\u00e9ment \u00e0 ce que <strong>BOTANIC PHARMA<\/strong> puisse en contr\u00f4ler et en surveiller l\u2019acc\u00e8s.<\/p>\n<h3>7. Liens.<\/h3>\n<p>En naviguant sur ce Site Web vous aurez l\u2019occasion d\u2019acc\u00e9der \u00e0 des liens qui vous renverront \u00e0 d\u2019autres sites Web. Ces liens et renvois vous sont fournis uniquement pour votre commodit\u00e9. <strong>BOTANIC PHARMA<\/strong> ne garantit en aucune fa\u00e7on, ni en aucun cas, que les informations et (ou) le mat\u00e9riel contenus ou rendus accessibles dans ou par l\u2019interm\u00e9diaire de ces liens ou renvois sont valables et (ou) exhaustifs. <strong>BOTANIC PHARMA<\/strong> n\u2019assume aucune responsabilit\u00e9 quant aux informations ou au mat\u00e9riel qui y sont publi\u00e9s ni quant aux produits ou services qui y sont offerts. Vous acc\u00e9dez \u00e0 ces pages ou sites Web de tiers \u00e0 vos risques et sous r\u00e9serve des modalit\u00e9s et conditions qui les r\u00e9gissent. \u00c0 moins d\u2019avis \u00e9crit \u00e0 l\u2019effet contraire de <strong>BOTANIC PHARMA<\/strong>, il vous est strictement interdit de cr\u00e9er dans d\u2019autres sites Web des liens vers ce Site Web.<\/p>\n<h3>8. Exactitude des renseignements.<\/h3>\n<p>L\u2019information apparaissant sur ce Site Web pourrait contenir des inexactitudes malgr\u00e9 le fait que <strong>BOTANIC PHARMA<\/strong> proc\u00e8de \u00e0 la mise \u00e0 jour des renseignements ou \u00e9l\u00e9ments y figurant. <strong>BOTANIC PHARMA<\/strong> ne garantit pas que les informations et (ou) le mat\u00e9riel contenus sur ce Site sont \u00e0 jour, exacts, sans erreur ou complets.<\/p>\n<h3>9. Erreurs, virus et autres.<\/h3>\n<p><strong>BOTANIC PHARMA<\/strong> ne garantit aucunement que ce Site Web est d\u00e9pourvu d\u2019erreur, ou qu\u2019il sera possible d\u2019y acc\u00e9der sans interruption, qu\u2019aucun virus ou autre \u00e9l\u00e9ment contaminant ou destructeur ne sera transmis, qu\u2019aucun dommage ne sera occasionn\u00e9 \u00e0 votre syst\u00e8me informatique ou que tous probl\u00e8mes de cet ordre qui seront d\u00e9couverts seront corrig\u00e9s. Il vous incombe de prendre les pr\u00e9cautions qui s\u2019imposent lorsque vous acc\u00e9dez \u00e0 ce Site.<\/p>\n<h3>10. Dommages \u00e0 des tiers.<\/h3>\n<p>Vous assumez l\u2019enti\u00e8re responsabilit\u00e9 de tout mat\u00e9riel que vous soumettez \u00e0 ce Site Web. N\u00e9anmoins, il vous est strictement interdit de nuire \u00e0 l\u2019utilisation du Site Web par d\u2019autres utilisateurs et d\u2019introduire dans ce Site Web ou \u00e0 partir de celui-ci des renseignements ou \u00e9l\u00e9ments susceptibles de porter pr\u00e9judice \u00e0 autrui. Sans limiter la g\u00e9n\u00e9ralit\u00e9 de ce qui pr\u00e9c\u00e8de, il vous est strictement interdit de transmettre des fichiers susceptibles de renfermer des virus ou d\u2019autres propri\u00e9t\u00e9s contaminantes ou destructrices, d\u2019y ins\u00e9rer des \u00e9l\u00e9ments ou renseignements, de fa\u00e7on volontaire ou autrement, des erreurs ou des d\u00e9fauts pouvant notamment constituer de la diffamation ou des obsc\u00e9nit\u00e9s, ou qui serviront \u00e0 attiser la haine ou autrement entra\u00eener une infraction criminelle ou engager la responsabilit\u00e9 civile de la part d\u2019une personne ou d\u2019une entit\u00e9.<\/p>\n<h3>11. R\u00e9serve de droits.<\/h3>\n<p><strong>BOTANIC PHARMA<\/strong> se r\u00e9serve tous les droits et recours qui ne sont pas express\u00e9ment \u00e9nonc\u00e9s aux pr\u00e9sentes. Aucune des modalit\u00e9s contenues dans les Conditions d\u2019utilisation ne doit \u00eatre interpr\u00e9t\u00e9e comme conf\u00e9rant implicitement, par pr\u00e9clusion ou autrement, une licence ou un droit en vertu d\u2019un droit d\u2019auteur, d\u2019un brevet, d\u2019une marque de commerce ou d\u2019un autre droit de propri\u00e9t\u00e9 intellectuelle de <strong>BOTANIC PHARMA<\/strong> ou d\u2019une autre personne ou entit\u00e9.<\/p>\n<h3>12. Lois applicables.<\/h3>\n<p>Les modalit\u00e9s et conditions d\u2019utilisation de ce Site Web sont r\u00e9gies par les lois marocaines. Vous acceptez d\u2019\u00eatre li\u00e9s par ces lois et de vous en remettre \u00e0 la comp\u00e9tence des tribunaux de Casablanca en ce qui a trait \u00e0 l\u2019interpr\u00e9tation ou \u00e0 l\u2019application des modalit\u00e9s et conditions d\u2019utilisation de ce Site Web.<\/p>\n<h3>13. Modification des Conditions d\u2019utilisation.<\/h3>\n<p><strong>BOTANIC PHARMA<\/strong> peut, en tout temps, sans pr\u00e9avis et \u00e0 son enti\u00e8re discr\u00e9tion, modifier ou autrement mettre \u00e0 jour les Conditions d\u2019utilisation applicables \u00e0 ce Site Web. Vous acceptez de fa\u00e7on expresse d\u2019\u00eatre li\u00e9 par les modalit\u00e9s d\u2019utilisation de ce Site qui sont en vigueur au moment o\u00f9 vous y acc\u00e9dez. En continuant d\u2019acc\u00e9der au Site Web et de l\u2019utiliser, vous \u00eates r\u00e9put\u00e9 avoir accept\u00e9 les Conditions d\u2019utilisation modifi\u00e9es. Il vous incombe de relire p\u00e9riodiquement les Conditions d\u2019utilisation.<\/p>\n<h3>14. Territoire.<\/h3>\n<p><strong>BOTANIC PHARMA<\/strong> exploite son Site Web \u00e0 partir de Casablanca, Maroc. <strong>BOTANIC PHARMA<\/strong> ne fait aucune d\u00e9claration quant \u00e0 la pertinence ou \u00e0 la disponibilit\u00e9 des \u00e9l\u00e9ments figurant dans le Site Web \u00e0 des fins d\u2019utilisation en d\u2019autres emplacements. Il incombe \u00e0 la personne qui choisit d\u2019acc\u00e9der \u00e0 ce Site Web \u00e0 partir d\u2019autres territoires de se conformer aux lois locales, dans la mesure o\u00f9 elles s\u2019appliquent.<\/p>\n<h3>15. Survie des obligations.<\/h3>\n<p>Les modalit\u00e9s et conditions d\u2019utilisation de ce Site s\u2019appliquent lorsque vous y acc\u00e9dez ainsi que par la suite. Les dispositions pr\u00e9vues aux articles 3, 4 et 5 des modalit\u00e9s et conditions d\u2019utilisation de ce Site Web demeureront en vigueur, et ce, nonobstant le fait qu\u2019il ne soit plus possible d\u2019acc\u00e9der au Site.<\/p>\n","protected":false},"excerpt":{"rendered":"<p>1. Utilisation de ce Site Web. Ce Site Web est la propri\u00e9t\u00e9 exclusive de BOTANIC PHARMA et il a \u00e9t\u00e9 cr\u00e9\u00e9 afin de permettre aux personnes qui y acc\u00e9deront de s\u2019informer sur notre entreprise \u00e0 des fins personnelles et non commerciales. L\u2019acc\u00e8s \u00e0 ce Site Web et l\u2019usage que vous en faites sont assujettis aux [&#8230;]<\/p>\n","protected":false},"author":1,"featured_media":0,"parent":0,"menu_order":14,"comment_status":"closed","ping_status":"closed","template":"","meta":[],"categories":[],"tags":[],"acf":[],"_links":{"self":[{"href":"http:\/\/botanicpharma.com\/en\/wp-json\/wp\/v2\/pages\/301"}],"collection":[{"href":"http:\/\/botanicpharma.com\/en\/wp-json\/wp\/v2\/pages"}],"about":[{"href":"http:\/\/botanicpharma.com\/en\/wp-json\/wp\/v2\/types\/page"}],"author":[{"embeddable":true,"href":"http:\/\/botanicpharma.com\/en\/wp-json\/wp\/v2\/users\/1"}],"replies":[{"embeddable":true,"href":"http:\/\/botanicpharma.com\/en\/wp-json\/wp\/v2\/comments?post=301"}],"version-history":[{"count":4,"href":"http:\/\/botanicpharma.com\/en\/wp-json\/wp\/v2\/pages\/301\/revisions"}],"predecessor-version":[{"id":492,"href":"http:\/\/botanicpharma.com\/en\/wp-json\/wp\/v2\/pages\/301\/revisions\/492"}],"wp:attachment":[{"href":"http:\/\/botanicpharma.com\/en\/wp-json\/wp\/v2\/media?parent=301"}],"wp:term":[{"taxonomy":"category","embeddable":true,"href":"http:\/\/botanicpharma.com\/en\/wp-json\/wp\/v2\/categories?post=301"},{"taxonomy":"post_tag","embeddable":true,"href":"http:\/\/botanicpharma.com\/en\/wp-json\/wp\/v2\/tags?post=301"}],"curies":[{"name":"wp","href":"https:\/\/api.w.org\/{rel}","templated":true}]}}