{"id":315,"date":"2017-10-18T13:53:57","date_gmt":"2017-10-18T11:53:57","guid":{"rendered":"http:\/\/botanicpharma.com\/?page_id=315"},"modified":"2017-10-24T00:47:51","modified_gmt":"2017-10-23T22:47:51","slug":"privacy-policy","status":"publish","type":"page","link":"http:\/\/botanicpharma.com\/en\/privacy-policy\/","title":{"rendered":"Privacy policy"},"content":{"rendered":"<p><strong>BOTANIC PHARMA<\/strong> est fermement r\u00e9solue \u00e0 assurer la protection de vos renseignements personnels et le respect de votre vie priv\u00e9e. Les renseignements personnels sont des renseignements au sujet d\u2019une personne que l\u2019on peut identifier. Les renseignements personnels comprennent des renseignements qui peuvent \u00eatre li\u00e9s \u00e0 vous, tels que, mais sans s\u2019y limiter, votre nom, votre adresse personnelle, votre num\u00e9ro de t\u00e9l\u00e9phone personnel ou votre adresse \u00e9lectronique personnelle. Nous prenons de nombreuses pr\u00e9cautions pour maintenir la s\u00e9curit\u00e9 et la confidentialit\u00e9 des renseignements que vous nous communiquez. Nous ne vendons ni ne donnons vos renseignements personnels \u00e0 aucun tiers sans votre consentement explicite.<\/p>\n<p>La protection de votre vie priv\u00e9e est importante pour <strong>BOTANIC PHARMA<\/strong>. Cette politique de confidentialit\u00e9 en ligne (\u00ab Politique \u00bb) explique la mani\u00e8re dont nous recueillons, utilisons et divulguons les renseignements personnels que vous pouvez nous communiquer durant l\u2019utilisation de ce site Web (\u00ab Site \u00bb). Par l\u2019acc\u00e8s au Site, vous convenez d\u2019\u00eatre li\u00e9 par les modalit\u00e9s \u00e9nonc\u00e9es ci-apr\u00e8s. Veuillez lire attentivement cette Politique.<\/p>\n<h3>1. Collecte de renseignements.<\/h3>\n<p><strong>BOTANIC PHARMA<\/strong> utilise sur ce Site certaines fonctions de Google qui pr\u00e9sentent des caract\u00e9ristiques de publicit\u00e9, tel que des informations d\u00e9mographiques. Sur ce Site, les renseignements personnels peuvent \u00eatre recueillis de deux fa\u00e7ons : (i) renseignements non personnels qui sont recueillis automatiquement durant l\u2019utilisation du Site; et (ii) renseignements personnels que vous transmettez volontairement.<\/p>\n<h4>Renseignements non personnels<\/h4>\n<p>Comme c\u2019est le cas avec de nombreux autres sites Web, ce Site recueille automatiquement certains renseignements non personnels au sujet des utilisateurs, tels que la date et l\u2019heure auxquelles ils acc\u00e8dent au Site, le type de navigateur qu\u2019ils utilisent et l\u2019adresse de protocole Internet de leur ordinateur. Ces renseignements non personnels sont utilis\u00e9s aux fins d\u2019administration du syst\u00e8me et ils nous aident \u00e0 am\u00e9liorer le Site. Nous pouvons ainsi d\u00e9terminer la fr\u00e9quence de visite de ce Site, mais nous n\u2019avons aucun renseignement particulier sur les visiteurs. Le Site utilise des t\u00e9moins pour am\u00e9liorer votre utilisation du Site en procurant une navigation sans faille ou en permettant au Site de vous reconna\u00eetre en tant qu\u2019utilisateur pr\u00e9c\u00e9dent. Vous pouvez r\u00e9gler votre navigateur de mani\u00e8re \u00e0 inactiver les t\u00e9moins tout en continuant \u00e0 utiliser le Site bien que la capacit\u00e9 d\u2019utiliser certaines parties du Site puisse \u00eatre affect\u00e9e.<\/p>\n<h4>Renseignements personnels que vous transmettez.<\/h4>\n<p>Bien que vous ne soyez pas tenu de vous inscrire pour avoir acc\u00e8s \u00e0 notre Site, on vous demandera peut-\u00eatre de nous transmettre des renseignements personnels lorsque vous visiterez certaines sections de notre Site. Certaines sections de notre Site peuvent \u00eatre limit\u00e9es \u00e0 certaines personnes telles que les professionnels de la sant\u00e9 et nous pouvons donc leur demander de s\u2019enregistrer \u00e0 l\u2019entr\u00e9e de ces sections en nous communiquant certains renseignements. Des renseignements personnels peuvent \u00e9galement \u00eatre recueillis lorsque vous demandez des informations ou des services offerts sur ce Site.<\/p>\n<p><strong>BOTANIC PHARMA<\/strong> utilise les informations pour r\u00e9pondre \u00e0 votre demande et de la mani\u00e8re permise par ailleurs par la loi.<\/p>\n<p><strong>BOTANIC PHARMA<\/strong> transmet des renseignements personnels \u00e0 diff\u00e9rents agents ou entreprises \u00e0 l\u2019ext\u00e9rieur de la Soci\u00e9t\u00e9 qui sont charg\u00e9s de la maintenance technologique ou qui travaillent en notre nom \u00e0 l\u2019ex\u00e9cution de transactions commerciales, telles que le service client\u00e8le et l\u2019envoi de communications de marketing au sujet de nos produits, de nos services et de nos offres. Nous pouvons \u00e9galement transmettre des renseignements personnels aux filiales et aux soci\u00e9t\u00e9s affili\u00e9es de <strong>BOTANIC PHARMA<\/strong>. Tous ces agents et entreprises sont tenus de se conformer \u00e0 la pr\u00e9sente Politique.<\/p>\n<p>Nous pouvons \u00e9galement divulguer des renseignements personnels aux fins suivantes : (i) en lien avec la vente, la cession ou autre transfert des activit\u00e9s du Site auxquelles ont trait les donn\u00e9es; (ii) pour r\u00e9pondre \u00e0 des demandes appropri\u00e9es d\u2019organismes gouvernementaux l\u00e9gitimes ou lorsque nous y sommes tenus par les lois applicables, des ordonnances judiciaires ou des r\u00e8glements gouvernementaux; ou (iii) lorsque n\u00e9cessaire pour des audits d\u2019entreprise ou pour faire enqu\u00eate sur une plainte ou une menace \u00e0 la s\u00e9curit\u00e9 ou y r\u00e9pondre.<\/p>\n<p>Ce Site peut contenir des liens vers d\u2019autres sites Web; il convient de remarquer que cette Politique s\u2019applique uniquement \u00e0 ce Site et non aux sites Web d\u2019autres entreprises ou organisations auxquels le pr\u00e9sent Site peut \u00eatre li\u00e9. Vous devez v\u00e9rifier, sur tout site li\u00e9, la politique de confidentialit\u00e9 qui s\u2019applique \u00e0 ce site et\/ou faire toute enqu\u00eate n\u00e9cessaire \u00e0 l\u2019\u00e9gard de cette politique de confidentialit\u00e9 aupr\u00e8s de l\u2019exploitant du site li\u00e9. Ces liens aux sites Web de tierces parties sont fournis uniquement \u00e0 des fins de commodit\u00e9 et d\u2019information. <strong>BOTANIC PHARMA<\/strong> n\u2019appuie pas ces sites Web li\u00e9s et n\u2019en est pas responsable.<\/p>\n<h3>2. Utilisation des renseignements personnels.<\/h3>\n<p>Vos renseignements personnels ne seront pas utilis\u00e9s \u00e0 des fins autres que celles auxquelles ils ont \u00e9t\u00e9 recueillis, \u00e0 moins que vous ne consentiez \u00e0 une utilisation diff\u00e9rente ou que la loi ne l\u2019exige. Nous envoyons parfois des offres \u00e0 des groupes s\u00e9lectionn\u00e9s de clients. Nous pouvons, \u00e0 cette fin, utiliser des tiers travaillant pour le compte de <strong>BOTANIC PHARMA<\/strong>. Nous vous communiquerons des mani\u00e8res de nous informer que vous ne voulez pas recevoir ces offres promotionnelles ou d\u2019information. Nous pouvons ainsi pr\u00e9voir une case d\u2019inclusion par laquelle les clients acceptent de recevoir des informations transmises par un tiers, avec une indication claire qu\u2019en acceptant, vous soumettez vos donn\u00e9es \u00e0 un tiers. Vous pouvez choisir de ne pas recevoir du mat\u00e9riel promotionnel ou d\u2019information de nous en suivant les consignes d\u2019exclusion mentionn\u00e9es ou incluses dans chacun des programmes que nous vous faisons parvenir.<\/p>\n<h3>3. Limitations de divulgation.<\/h3>\n<p>Vos renseignements personnels ne seront divulgu\u00e9s \u00e0 aucune fin autre que les fins pr\u00e9cises identifi\u00e9es au moment de la collecte, \u00e0 moins que vous ne consentiez \u00e0 une fin diff\u00e9rente de divulgation ou que la loi ne l\u2019exige.<\/p>\n<h3>4. Consentement.<\/h3>\n<p>Votre connaissance et votre consentement sont requis afin de recueillir, d\u2019utiliser et de divulguer vos renseignements personnels. Vous pouvez retirer votre consentement \u00e0 la collecte, l\u2019utilisation ou la divulgation de vos renseignements personnels \u00e0 tout moment, sous r\u00e9serve de restrictions l\u00e9gales ou contractuelles et d\u2019un pr\u00e9avis raisonnable en faisant parvenir un courriel \u00e0 contact@botanicpharma.com. En communiquant vos renseignements personnels sur notre Site, vous consentez \u00e0 la collecte, l\u2019utilisation et la divulgation de vos renseignements personnels suivant les modalit\u00e9s de la pr\u00e9sente Politique.<\/p>\n<h3>5. Mesures de protection et de s\u00e9curit\u00e9.<\/h3>\n<p><strong>BOTANIC PHARMA<\/strong> emploie des mesures raisonnables et appropri\u00e9es pour prot\u00e9ger la s\u00e9curit\u00e9 de vos renseignements personnels. Nos m\u00e9thodes de s\u00e9curit\u00e9 sont pass\u00e9es en revue sur une base r\u00e9guli\u00e8re et nous employons de routine une technologie \u00e0 jour pour \u00e9viter toute violation de la confidentialit\u00e9 de vos renseignements personnels. <strong>BOTANIC PHARMA<\/strong> accorde une importance primordiale \u00e0 la protection de la vie priv\u00e9e des enfants, surtout en ligne. Nous ne recueillons ou ne sollicitons sciemment aucun renseignement personnel d\u2019enfants de m\u00eame que nous ne leur permettons pas de devenir des utilisateurs enregistr\u00e9s de notre site ou de lignes d\u2019information sollicitant de l\u2019aide, ni de demander des informations de cette mani\u00e8re.<\/p>\n<h3>6. R\u00e9tention et destruction.<\/h3>\n<p>Les renseignements personnels recueillis par <strong>BOTANIC PHARMA<\/strong> ne seront conserv\u00e9s qu\u2019aussi longtemps qu\u2019ils demeureront n\u00e9cessaires pour satisfaire les fins identifi\u00e9es ou comme la loi l\u2019exige. Au terme de cette p\u00e9riode, vos renseignements personnels seront d\u00e9truits de la mani\u00e8re pr\u00e9cis\u00e9e par le chef de la protection des renseignements personnels responsable.<\/p>\n<h3>7. Acc\u00e8s \u00e0 vos renseignements personnels.<\/h3>\n<p>Si vous soumettez des renseignements personnels, vous avez le droit de les consulter et de les modifier. Vous pouvez demander l\u2019acc\u00e8s \u00e0 vos renseignements personnels en faisant parvenir votre demande par courriel \u00e0 cpo@pharmascience.com. Sous r\u00e9serve de certaines exceptions et limitations impos\u00e9es par la loi, vous aurez acc\u00e8s \u00e0 vos renseignements personnels dans un d\u00e9lai raisonnable et vous aurez le droit de remettre en question l\u2019exactitude et l\u2019exhaustivit\u00e9 des renseignements et de les faire corriger, au besoin.<\/p>\n<h3>8. Modifications.<\/h3>\n<p>Pour permettre des modifications \u00e0 ce Site, des d\u00e9veloppements technologiques et juridiques, les pr\u00e9sentes modalit\u00e9s et conditions peuvent \u00eatre modifi\u00e9es par <strong>BOTANIC PHARMA<\/strong> sans pr\u00e9avis. La collecte, l\u2019utilisation et la divulgation de renseignements personnels par <strong>BOTANIC PHARMA<\/strong> seront r\u00e9gies par la version de ces modalit\u00e9s alors en vigueur. Les nouvelles versions seront affich\u00e9es sur ce Site. Votre utilisation continue du Site apr\u00e8s affichage des modifications emportera votre consentement aux modifications.<\/p>\n","protected":false},"excerpt":{"rendered":"<p>BOTANIC PHARMA est fermement r\u00e9solue \u00e0 assurer la protection de vos renseignements personnels et le respect de votre vie priv\u00e9e. Les renseignements personnels sont des renseignements au sujet d\u2019une personne que l\u2019on peut identifier. Les renseignements personnels comprennent des renseignements qui peuvent \u00eatre li\u00e9s \u00e0 vous, tels que, mais sans s\u2019y limiter, votre nom, votre [&#8230;]<\/p>\n","protected":false},"author":1,"featured_media":0,"parent":0,"menu_order":26,"comment_status":"closed","ping_status":"closed","template":"","meta":[],"categories":[],"tags":[],"acf":[],"_links":{"self":[{"href":"http:\/\/botanicpharma.com\/en\/wp-json\/wp\/v2\/pages\/315"}],"collection":[{"href":"http:\/\/botanicpharma.com\/en\/wp-json\/wp\/v2\/pages"}],"about":[{"href":"http:\/\/botanicpharma.com\/en\/wp-json\/wp\/v2\/types\/page"}],"author":[{"embeddable":true,"href":"http:\/\/botanicpharma.com\/en\/wp-json\/wp\/v2\/users\/1"}],"replies":[{"embeddable":true,"href":"http:\/\/botanicpharma.com\/en\/wp-json\/wp\/v2\/comments?post=315"}],"version-history":[{"count":4,"href":"http:\/\/botanicpharma.com\/en\/wp-json\/wp\/v2\/pages\/315\/revisions"}],"predecessor-version":[{"id":491,"href":"http:\/\/botanicpharma.com\/en\/wp-json\/wp\/v2\/pages\/315\/revisions\/491"}],"wp:attachment":[{"href":"http:\/\/botanicpharma.com\/en\/wp-json\/wp\/v2\/media?parent=315"}],"wp:term":[{"taxonomy":"category","embeddable":true,"href":"http:\/\/botanicpharma.com\/en\/wp-json\/wp\/v2\/categories?post=315"},{"taxonomy":"post_tag","embeddable":true,"href":"http:\/\/botanicpharma.com\/en\/wp-json\/wp\/v2\/tags?post=315"}],"curies":[{"name":"wp","href":"https:\/\/api.w.org\/{rel}","templated":true}]}}